{"id":8,"date":"2025-08-19T09:41:39","date_gmt":"2025-08-19T09:41:39","guid":{"rendered":"https:\/\/www.digital-accelerator-basel.ch\/?page_id=8"},"modified":"2026-01-20T13:06:08","modified_gmt":"2026-01-20T13:06:08","slug":"bewerben","status":"publish","type":"page","link":"https:\/\/www.digital-accelerator-basel.ch\/de\/bewerben\/","title":{"rendered":"Bewerben"},"content":{"rendered":"\t\t<div data-elementor-type=\"wp-page\" data-elementor-id=\"8\" class=\"elementor elementor-8\">\n\t\t\t\t\t\t<section class=\"elementor-section elementor-top-section elementor-element elementor-element-2be42e39 elementor-section-stretched elementor-section-boxed elementor-section-height-default elementor-section-height-default\" data-id=\"2be42e39\" data-element_type=\"section\" data-e-type=\"section\" data-settings=\"{&quot;stretch_section&quot;:&quot;section-stretched&quot;,&quot;background_background&quot;:&quot;slideshow&quot;,&quot;background_slideshow_gallery&quot;:[{&quot;id&quot;:101,&quot;url&quot;:&quot;https:\\\/\\\/www.digital-accelerator-basel.ch\\\/wp-content\\\/uploads\\\/2025\\\/09\\\/slider-image-2.jpg&quot;}],&quot;pix_scale_in&quot;:&quot;none&quot;,&quot;background_slideshow_loop&quot;:&quot;yes&quot;,&quot;background_slideshow_slide_duration&quot;:5000,&quot;background_slideshow_slide_transition&quot;:&quot;fade&quot;,&quot;background_slideshow_transition_duration&quot;:500}\">\n\t\t\t\t\t\t\t<div class=\"elementor-background-overlay\"><\/div>\n\t\t\t\t\t\t\t<div class=\"elementor-container elementor-column-gap-default\">\n\t\t\t\t\t<div class=\"elementor-column elementor-col-100 elementor-top-column elementor-element elementor-element-548d703b\" data-id=\"548d703b\" data-element_type=\"column\" data-e-type=\"column\" data-settings=\"{&quot;pix_scale_in&quot;:&quot;none&quot;}\">\n\t\t\t<div class=\"elementor-widget-wrap elementor-element-populated\">\n\t\t\t\t\t\t<section class=\"elementor-section elementor-inner-section elementor-element elementor-element-5a4f2e20 bg-white shadow-sm fly-sm rounded-lg overflow-hidden elementor-section-boxed elementor-section-height-default elementor-section-height-default\" data-id=\"5a4f2e20\" data-element_type=\"section\" data-e-type=\"section\" data-settings=\"{&quot;pix_scale_in&quot;:&quot;none&quot;}\">\n\t\t\t\t\t\t<div class=\"elementor-container elementor-column-gap-no\">\n\t\t\t\t\t<div class=\"elementor-column elementor-col-50 elementor-inner-column elementor-element elementor-element-319eb685\" data-id=\"319eb685\" data-element_type=\"column\" data-e-type=\"column\" data-settings=\"{&quot;pix_scale_in&quot;:&quot;none&quot;}\">\n\t\t\t<div class=\"elementor-widget-wrap elementor-element-populated\">\n\t\t\t\t\t\t<div class=\"elementor-element elementor-element-2378f913 elementor-invisible elementor-widget elementor-widget-pix-heading\" data-id=\"2378f913\" data-element_type=\"widget\" data-e-type=\"widget\" data-widget_type=\"pix-heading.default\">\n\t\t\t\t<div class=\"elementor-widget-container\">\n\t\t\t\t\t<div  class=\"pix-heading-el text-left \"><h2 class=\"font-weight-bold h2 animate-in heading-text el-title_custom_color mb-12\" style=\"\" data-anim-type=\"fade-in-up\" data-anim-delay=\"200\">Jetzt beim Digital Accelerator Basel teilnehmen<\/h2><\/div>\t\t\t\t<\/div>\n\t\t\t\t<\/div>\n\t\t\t\t<div class=\"elementor-element elementor-element-6dbd8e6a elementor-widget elementor-widget-pix-countdown\" data-id=\"6dbd8e6a\" data-element_type=\"widget\" data-e-type=\"widget\" data-widget_type=\"pix-countdown.default\">\n\t\t\t\t<div class=\"elementor-widget-container\">\n\t\t\t\t\t<div class=\"pix-countdown w-100 text-center  \" data-date=\"11\/30\/2025 23:59:00\"   >\n            <div class=\"row\">\n                <div class=\"col-12 col-sm py-3\">\n                    <h1 class=\"display-4 mb-3\"><span class=\"pix-count-days text-primary font-weight-bold secondary-font\" style=\";\">0<\/span><\/h1>\n                    <h6 class=\"text-heading-default\" ><strong>Days<\/strong><\/h6>\n                <\/div>\n                <div class=\"col-12 col-sm py-3\">\n                    <h1 class=\"display-4 mb-3\"><span class=\"pix-count-hours text-primary font-weight-bold secondary-font\" style=\";\">0<\/span><\/h1>\n                    <h6 class=\"text-heading-default\" ><strong>Hours<\/strong><\/h6>\n                <\/div>\n                <div class=\"col-12 col-sm py-3\">\n                    <h1 class=\"display-4 mb-3\"><span class=\"pix-count-min text-primary font-weight-bold secondary-font\" style=\";\">0<\/span><\/h1>\n                    <h6 class=\"text-heading-default\" ><strong>Minutes<\/strong><\/h6>\n                <\/div>\n                <div class=\"col-12 col-sm py-3\">\n                    <h1 class=\"display-4 mb-3\"><span class=\"pix-count-sec text-primary font-weight-bold secondary-font\" style=\";\">0<\/span><\/h1>\n                    <h6 class=\"text-heading-default\" ><strong>Seconds<\/strong><\/h6>\n                <\/div>\n            <\/div>\n        <\/div>\t\t\t\t<\/div>\n\t\t\t\t<\/div>\n\t\t\t\t<div class=\"elementor-element elementor-element-1dcd465f elementor-invisible elementor-widget elementor-widget-pix-text\" data-id=\"1dcd465f\" data-element_type=\"widget\" data-e-type=\"widget\" data-widget_type=\"pix-text.default\">\n\t\t\t\t<div class=\"elementor-widget-container\">\n\t\t\t\t\t<div class=\"pix-el-text w-100 text-left \" ><p class=\"resp-option text-left \"><div class=\" animate-in d-inline-block\" data-anim-delay=\"600\" data-anim-type=\"fade-in-up\"><p><strong>Die Bewerbungsphase ist geschlossen.<\/strong><\/p><p>Folge uns f\u00fcr die n\u00e4chste Bewerbungsrunde des Digital Accelerator Basel im Herbst 2026. Wenn du bereits ein Startup gegr\u00fcndet hast und Interesse am Digital Accelerator Basel hast, kontaktiere uns gerne schon heute!<\/p><\/div><\/p><\/div>\t\t\t\t<\/div>\n\t\t\t\t<\/div>\n\t\t\t\t<div class=\"elementor-element elementor-element-19e1c15 elementor-widget elementor-widget-pix-button\" data-id=\"19e1c15\" data-element_type=\"widget\" data-e-type=\"widget\" data-widget_type=\"pix-button.default\">\n\t\t\t\t<div class=\"elementor-widget-container\">\n\t\t\t\t\t<a  href=\"\/de\/kontakt\" class=\"btn m-0      btn-primary d-flex w-100  justify-content-center  align-items-center pix-hover-item       animate-in btn-lg\" target=\"_blank\" rel=\"noopener\"  data-anim-type=\"fade-in-up\" data-anim-delay=\"800\" ><span class=\"font-weight-bold \" >Kontakt<\/span><svg class=\"pixfort-icon font-weight-bold  pix-hover-right  ml-2\" width=\"24\" height=\"24\"  data-name=\"Line\/pixfort-icon-arrow-right-2\" viewBox=\"2 2 20 20\"><polyline fill=\"none\" stroke=\"var(--pf-icon-color)\" stroke-linecap=\"round\" stroke-linejoin=\"round\" stroke-width=\"var(--pf-icon-stroke-width)\" points=\"9.5 17 14.5 12 9.5 7\"\/><\/svg><\/a>\t\t\t\t<\/div>\n\t\t\t\t<\/div>\n\t\t\t\t\t<\/div>\n\t\t<\/div>\n\t\t\t\t<div class=\"elementor-column elementor-col-50 elementor-inner-column elementor-element elementor-element-34463ea9\" data-id=\"34463ea9\" data-element_type=\"column\" data-e-type=\"column\" data-settings=\"{&quot;pix_scale_in&quot;:&quot;none&quot;}\">\n\t\t\t<div class=\"elementor-widget-wrap elementor-element-populated\">\n\t\t\t\t\t\t<div class=\"elementor-element elementor-element-401b5510 elementor-widget elementor-widget-pix-img\" data-id=\"401b5510\" data-element_type=\"widget\" data-e-type=\"widget\" data-settings=\"{&quot;pix_scale_in&quot;:&quot;none&quot;}\" data-widget_type=\"pix-img.default\">\n\t\t\t\t<div class=\"elementor-widget-container\">\n\t\t\t\t\t<div id=\"el-401b5510\" class=\"pix-img-element d-inline-block none\"  ><div class=\"pix-img-el     center d-inline-block  w-100 rounded-0\"  ><img fetchpriority=\"high\" decoding=\"async\" width=\"1280\" height=\"960\" src=\"https:\/\/www.digital-accelerator-basel.ch\/wp-content\/uploads\/2025\/10\/Digital-Accelerator-Basel_Logo.png\" class=\"pix-img-elem rounded-0\" alt=\"Image link\" srcset=\"https:\/\/www.digital-accelerator-basel.ch\/wp-content\/uploads\/2025\/10\/Digital-Accelerator-Basel_Logo.png 1280w, https:\/\/www.digital-accelerator-basel.ch\/wp-content\/uploads\/2025\/10\/Digital-Accelerator-Basel_Logo-300x225.png 300w, https:\/\/www.digital-accelerator-basel.ch\/wp-content\/uploads\/2025\/10\/Digital-Accelerator-Basel_Logo-1024x768.png 1024w, https:\/\/www.digital-accelerator-basel.ch\/wp-content\/uploads\/2025\/10\/Digital-Accelerator-Basel_Logo-768x576.png 768w, https:\/\/www.digital-accelerator-basel.ch\/wp-content\/uploads\/2025\/10\/Digital-Accelerator-Basel_Logo-600x450.png 600w\" sizes=\"(max-width: 1280px) 100vw, 1280px\" \/><\/div><\/div>\t\t\t\t<\/div>\n\t\t\t\t<\/div>\n\t\t\t\t\t<\/div>\n\t\t<\/div>\n\t\t\t\t\t<\/div>\n\t\t<\/section>\n\t\t\t\t\t<\/div>\n\t\t<\/div>\n\t\t\t\t\t<\/div>\n\t\t<\/section>\n\t\t\t\t<\/div>\n\t\t","protected":false},"excerpt":{"rendered":"<p>Jetzt beim Digital Accelerator Basel teilnehmen 0 Days 0 Hours 0 Minutes 0 Seconds Die Bewerbungsphase ist geschlossen. Folge uns f\u00fcr die n\u00e4chste Bewerbungsrunde des Digital Accelerator Basel im Herbst 2026. Wenn du bereits ein Startup gegr\u00fcndet hast und Interesse&#8230;<\/p>\n","protected":false},"author":2,"featured_media":0,"parent":0,"menu_order":0,"comment_status":"closed","ping_status":"closed","template":"","meta":{"footnotes":""},"class_list":["post-8","page","type-page","status-publish","hentry"],"yoast_head":"<!-- This site is optimized with the Yoast SEO plugin v27.4 - https:\/\/yoast.com\/product\/yoast-seo-wordpress\/ -->\n<title>Bewerben - Digital Accelerator Basel<\/title>\n<meta name=\"robots\" content=\"index, follow, max-snippet:-1, max-image-preview:large, max-video-preview:-1\" \/>\n<link rel=\"canonical\" href=\"https:\/\/www.digital-accelerator-basel.ch\/de\/bewerben\/\" \/>\n<meta property=\"og:locale\" content=\"de_DE\" \/>\n<meta property=\"og:type\" content=\"article\" \/>\n<meta property=\"og:title\" content=\"Bewerben - Digital Accelerator Basel\" \/>\n<meta property=\"og:description\" content=\"Jetzt beim Digital Accelerator Basel teilnehmen 0 Days 0 Hours 0 Minutes 0 Seconds Die Bewerbungsphase ist geschlossen. Folge uns f\u00fcr die n\u00e4chste Bewerbungsrunde des Digital Accelerator Basel im Herbst 2026. Wenn du bereits ein Startup gegr\u00fcndet hast und Interesse...\" \/>\n<meta property=\"og:url\" content=\"https:\/\/www.digital-accelerator-basel.ch\/de\/bewerben\/\" \/>\n<meta property=\"og:site_name\" content=\"Digital Accelerator Basel\" \/>\n<meta property=\"article:modified_time\" content=\"2026-01-20T13:06:08+00:00\" \/>\n<meta property=\"og:image\" content=\"https:\/\/www.digital-accelerator-basel.ch\/wp-content\/uploads\/2025\/10\/Digital-Accelerator-Basel_Logo.png\" \/>\n<meta name=\"twitter:card\" content=\"summary_large_image\" \/>\n<meta name=\"twitter:label1\" content=\"Gesch\u00e4tzte Lesezeit\" \/>\n\t<meta name=\"twitter:data1\" content=\"1\u00a0Minute\" \/>\n<script type=\"application\/ld+json\" class=\"yoast-schema-graph\">{\"@context\":\"https:\\\/\\\/schema.org\",\"@graph\":[{\"@type\":\"WebPage\",\"@id\":\"https:\\\/\\\/www.digital-accelerator-basel.ch\\\/de\\\/bewerben\\\/\",\"url\":\"https:\\\/\\\/www.digital-accelerator-basel.ch\\\/de\\\/bewerben\\\/\",\"name\":\"Bewerben - Digital Accelerator Basel\",\"isPartOf\":{\"@id\":\"https:\\\/\\\/www.digital-accelerator-basel.ch\\\/en\\\/#website\"},\"primaryImageOfPage\":{\"@id\":\"https:\\\/\\\/www.digital-accelerator-basel.ch\\\/de\\\/bewerben\\\/#primaryimage\"},\"image\":{\"@id\":\"https:\\\/\\\/www.digital-accelerator-basel.ch\\\/de\\\/bewerben\\\/#primaryimage\"},\"thumbnailUrl\":\"https:\\\/\\\/www.digital-accelerator-basel.ch\\\/wp-content\\\/uploads\\\/2025\\\/10\\\/Digital-Accelerator-Basel_Logo.png\",\"datePublished\":\"2025-08-19T09:41:39+00:00\",\"dateModified\":\"2026-01-20T13:06:08+00:00\",\"breadcrumb\":{\"@id\":\"https:\\\/\\\/www.digital-accelerator-basel.ch\\\/de\\\/bewerben\\\/#breadcrumb\"},\"inLanguage\":\"de\",\"potentialAction\":[{\"@type\":\"ReadAction\",\"target\":[\"https:\\\/\\\/www.digital-accelerator-basel.ch\\\/de\\\/bewerben\\\/\"]}]},{\"@type\":\"ImageObject\",\"inLanguage\":\"de\",\"@id\":\"https:\\\/\\\/www.digital-accelerator-basel.ch\\\/de\\\/bewerben\\\/#primaryimage\",\"url\":\"https:\\\/\\\/www.digital-accelerator-basel.ch\\\/wp-content\\\/uploads\\\/2025\\\/10\\\/Digital-Accelerator-Basel_Logo.png\",\"contentUrl\":\"https:\\\/\\\/www.digital-accelerator-basel.ch\\\/wp-content\\\/uploads\\\/2025\\\/10\\\/Digital-Accelerator-Basel_Logo.png\"},{\"@type\":\"BreadcrumbList\",\"@id\":\"https:\\\/\\\/www.digital-accelerator-basel.ch\\\/de\\\/bewerben\\\/#breadcrumb\",\"itemListElement\":[{\"@type\":\"ListItem\",\"position\":1,\"name\":\"Home\",\"item\":\"https:\\\/\\\/www.digital-accelerator-basel.ch\\\/de\\\/\"},{\"@type\":\"ListItem\",\"position\":2,\"name\":\"Bewerben\"}]},{\"@type\":\"WebSite\",\"@id\":\"https:\\\/\\\/www.digital-accelerator-basel.ch\\\/en\\\/#website\",\"url\":\"https:\\\/\\\/www.digital-accelerator-basel.ch\\\/en\\\/\",\"name\":\"Digital Accelerator Basel\",\"description\":\"ICT Accelerator der Basel Area\",\"potentialAction\":[{\"@type\":\"SearchAction\",\"target\":{\"@type\":\"EntryPoint\",\"urlTemplate\":\"https:\\\/\\\/www.digital-accelerator-basel.ch\\\/en\\\/?s={search_term_string}\"},\"query-input\":{\"@type\":\"PropertyValueSpecification\",\"valueRequired\":true,\"valueName\":\"search_term_string\"}}],\"inLanguage\":\"de\"}]}<\/script>\n<!-- \/ Yoast SEO plugin. -->","yoast_head_json":{"title":"Bewerben - Digital Accelerator Basel","robots":{"index":"index","follow":"follow","max-snippet":"max-snippet:-1","max-image-preview":"max-image-preview:large","max-video-preview":"max-video-preview:-1"},"canonical":"https:\/\/www.digital-accelerator-basel.ch\/de\/bewerben\/","og_locale":"de_DE","og_type":"article","og_title":"Bewerben - Digital Accelerator Basel","og_description":"Jetzt beim Digital Accelerator Basel teilnehmen 0 Days 0 Hours 0 Minutes 0 Seconds Die Bewerbungsphase ist geschlossen. Folge uns f\u00fcr die n\u00e4chste Bewerbungsrunde des Digital Accelerator Basel im Herbst 2026. Wenn du bereits ein Startup gegr\u00fcndet hast und Interesse...","og_url":"https:\/\/www.digital-accelerator-basel.ch\/de\/bewerben\/","og_site_name":"Digital Accelerator Basel","article_modified_time":"2026-01-20T13:06:08+00:00","og_image":[{"url":"https:\/\/www.digital-accelerator-basel.ch\/wp-content\/uploads\/2025\/10\/Digital-Accelerator-Basel_Logo.png","type":"","width":"","height":""}],"twitter_card":"summary_large_image","twitter_misc":{"Gesch\u00e4tzte Lesezeit":"1\u00a0Minute"},"schema":{"@context":"https:\/\/schema.org","@graph":[{"@type":"WebPage","@id":"https:\/\/www.digital-accelerator-basel.ch\/de\/bewerben\/","url":"https:\/\/www.digital-accelerator-basel.ch\/de\/bewerben\/","name":"Bewerben - Digital Accelerator Basel","isPartOf":{"@id":"https:\/\/www.digital-accelerator-basel.ch\/en\/#website"},"primaryImageOfPage":{"@id":"https:\/\/www.digital-accelerator-basel.ch\/de\/bewerben\/#primaryimage"},"image":{"@id":"https:\/\/www.digital-accelerator-basel.ch\/de\/bewerben\/#primaryimage"},"thumbnailUrl":"https:\/\/www.digital-accelerator-basel.ch\/wp-content\/uploads\/2025\/10\/Digital-Accelerator-Basel_Logo.png","datePublished":"2025-08-19T09:41:39+00:00","dateModified":"2026-01-20T13:06:08+00:00","breadcrumb":{"@id":"https:\/\/www.digital-accelerator-basel.ch\/de\/bewerben\/#breadcrumb"},"inLanguage":"de","potentialAction":[{"@type":"ReadAction","target":["https:\/\/www.digital-accelerator-basel.ch\/de\/bewerben\/"]}]},{"@type":"ImageObject","inLanguage":"de","@id":"https:\/\/www.digital-accelerator-basel.ch\/de\/bewerben\/#primaryimage","url":"https:\/\/www.digital-accelerator-basel.ch\/wp-content\/uploads\/2025\/10\/Digital-Accelerator-Basel_Logo.png","contentUrl":"https:\/\/www.digital-accelerator-basel.ch\/wp-content\/uploads\/2025\/10\/Digital-Accelerator-Basel_Logo.png"},{"@type":"BreadcrumbList","@id":"https:\/\/www.digital-accelerator-basel.ch\/de\/bewerben\/#breadcrumb","itemListElement":[{"@type":"ListItem","position":1,"name":"Home","item":"https:\/\/www.digital-accelerator-basel.ch\/de\/"},{"@type":"ListItem","position":2,"name":"Bewerben"}]},{"@type":"WebSite","@id":"https:\/\/www.digital-accelerator-basel.ch\/en\/#website","url":"https:\/\/www.digital-accelerator-basel.ch\/en\/","name":"Digital Accelerator Basel","description":"ICT Accelerator der Basel Area","potentialAction":[{"@type":"SearchAction","target":{"@type":"EntryPoint","urlTemplate":"https:\/\/www.digital-accelerator-basel.ch\/en\/?s={search_term_string}"},"query-input":{"@type":"PropertyValueSpecification","valueRequired":true,"valueName":"search_term_string"}}],"inLanguage":"de"}]}},"_links":{"self":[{"href":"https:\/\/www.digital-accelerator-basel.ch\/de\/wp-json\/wp\/v2\/pages\/8","targetHints":{"allow":["GET"]}}],"collection":[{"href":"https:\/\/www.digital-accelerator-basel.ch\/de\/wp-json\/wp\/v2\/pages"}],"about":[{"href":"https:\/\/www.digital-accelerator-basel.ch\/de\/wp-json\/wp\/v2\/types\/page"}],"author":[{"embeddable":true,"href":"https:\/\/www.digital-accelerator-basel.ch\/de\/wp-json\/wp\/v2\/users\/2"}],"replies":[{"embeddable":true,"href":"https:\/\/www.digital-accelerator-basel.ch\/de\/wp-json\/wp\/v2\/comments?post=8"}],"version-history":[{"count":121,"href":"https:\/\/www.digital-accelerator-basel.ch\/de\/wp-json\/wp\/v2\/pages\/8\/revisions"}],"predecessor-version":[{"id":2531,"href":"https:\/\/www.digital-accelerator-basel.ch\/de\/wp-json\/wp\/v2\/pages\/8\/revisions\/2531"}],"wp:attachment":[{"href":"https:\/\/www.digital-accelerator-basel.ch\/de\/wp-json\/wp\/v2\/media?parent=8"}],"curies":[{"name":"wp","href":"https:\/\/api.w.org\/{rel}","templated":true}]}}